{"id":970,"date":"2015-01-16T01:15:11","date_gmt":"2015-01-16T00:15:11","guid":{"rendered":"https:\/\/www.iwcok.cz\/?page_id=970"},"modified":"2015-07-14T14:31:01","modified_gmt":"2015-07-14T13:31:01","slug":"order-box-starter","status":"publish","type":"page","link":"https:\/\/www.iwcok.cz\/en\/membership\/order-box-starter\/","title":{"rendered":"Order box Starter"},"content":{"rendered":"    <div class=\"row\">\n\t\t<div class=\"col-md-8\">\n\t\t\t<form action=\"https:\/\/www.iwcok.cz\/en\/membership\/order-box-starter\/\" id=\"offer_form\" method=\"post\" novalidate=\"novalidate\" class=\"form-full\">\n\t\t\t\t<h2 class=\"form-label\">Content:<\/h2>\n\t\t\t\t<p class=\"radio-p\">\n\t\t\t\t\t\t\t\t\t\t\t<label class=\"label-display\" for=\"offer_composition_0\">\n\t\t\t\t\t\t\t<input type=\"radio\" id=\"offer_composition_0\" name=\"offer_composition\" value=\"small_s\" checked=\"checked\">Starndard - 3 red and 1 white\t\t\t\t\t\t<\/label>\n\t\t\t\t\t\t<br \/>\t\t\t\t\t\t\t\t\t\t\t<label class=\"label-display\" for=\"offer_composition_1\">\n\t\t\t\t\t\t\t<input type=\"radio\" id=\"offer_composition_1\" name=\"offer_composition\" value=\"small_w\">More White - 3 white and 1 red\t\t\t\t\t\t<\/label>\n\t\t\t\t\t\t<br \/>\t\t\t\t\t\t\t\t\t\t\t<label class=\"label-display\" for=\"offer_composition_2\">\n\t\t\t\t\t\t\t<input type=\"radio\" id=\"offer_composition_2\" name=\"offer_composition\" value=\"small_ow\">White - 4 white\t\t\t\t\t\t<\/label>\n\t\t\t\t\t\t\t\t\t\t\t\t\t\t\t<\/p>\n\t\t\t\t<h2 class=\"form-label\">Length of membership<\/h2>\n\t\t\t\t<p><select name=\"offer_duration\" id=\"offer_duration\">\n\t\t\t\t\t<option value=\"\">Number of months<\/option>\n\t\t\t\t\t\t\t\t\t\t\t<option value=\"1\">1 \t\t\t\t\t\t\tMonths\t\t\t\t\t\t<\/option>\n\t\t\t\t\t\t\t\t\t\t\t<option value=\"2\">2 \t\t\t\t\t\t\tm\u011bs\u00edce\t\t\t\t\t\t<\/option>\n\t\t\t\t\t\t\t\t\t\t\t<option value=\"3\">3 \t\t\t\t\t\t\tm\u011bs\u00edce\t\t\t\t\t\t<\/option>\n\t\t\t\t\t\t\t\t\t\t\t<option value=\"4\">4 \t\t\t\t\t\t\tm\u011bs\u00edce\t\t\t\t\t\t<\/option>\n\t\t\t\t\t\t\t\t\t\t\t<option value=\"5\">5 \t\t\t\t\t\t\tm\u011bs\u00edc\u016f\t\t\t\t\t\t<\/option>\n\t\t\t\t\t\t\t\t\t\t\t<option value=\"6\">6 \t\t\t\t\t\t\tm\u011bs\u00edc\u016f\t\t\t\t\t\t<\/option>\n\t\t\t\t\t\t\t\t\t\t\t<option value=\"7\">7 \t\t\t\t\t\t\tm\u011bs\u00edc\u016f\t\t\t\t\t\t<\/option>\n\t\t\t\t\t\t\t\t\t\t\t<option value=\"8\">8 \t\t\t\t\t\t\tm\u011bs\u00edc\u016f\t\t\t\t\t\t<\/option>\n\t\t\t\t\t\t\t\t\t\t\t<option value=\"9\">9 \t\t\t\t\t\t\tm\u011bs\u00edc\u016f\t\t\t\t\t\t<\/option>\n\t\t\t\t\t\t\t\t\t\t\t<option value=\"10\">10 \t\t\t\t\t\t\tm\u011bs\u00edc\u016f\t\t\t\t\t\t<\/option>\n\t\t\t\t\t\t\t\t\t\t\t<option value=\"11\">11 \t\t\t\t\t\t\tm\u011bs\u00edc\u016f\t\t\t\t\t\t<\/option>\n\t\t\t\t\t\t\t\t\t\t\t<option value=\"12\">12 \t\t\t\t\t\t\tm\u011bs\u00edc\u016f\t\t\t\t\t\t<\/option>\n\t\t\t\t\t\t\t\t\t<\/select><\/p>\n\t\t\t\t<h2 class=\"form-label\">Order frequency<\/h2>\n\t\t\t\t<p class=\"radio-p\">\n\t\t\t\t\t<label class=\"label-display\" for=\"offer_frequency_1\">\n\t\t\t\t\t\t<input type=\"radio\" id=\"offer_frequency_1\" name=\"offer_frequency\" value=\"1\" checked=\"checked\">Every Month\t\t\t\t\t<\/label><br \/>\n\t\t\t\t\t<label class=\"label-display\" for=\"offer_frequency_2\">\n\t\t\t\t\t\t<input type=\"radio\" id=\"offer_frequency_2\" name=\"offer_frequency\" value=\"2\">Every other month\t\t\t\t\t<\/label><br \/>\n\t\t\t\t\t<label class=\"label-display\" for=\"offer_frequency_3\">\n\t\t\t\t\t\t<input type=\"radio\" id=\"offer_frequency_3\" name=\"offer_frequency\" value=\"3\">Once every 3 months\t\t\t\t\t<\/label>\n\t\t\t\t<\/p>\n\t\t\t\t<h2 class=\"form-label\">Customer<\/h2>\n\t\t\t\t<p>\n\t\t\t\t\t<label for=\"offer_name\">Name and family name <span>*<\/span><\/label>\n\t\t\t\t\t<input type=\"text\" id=\"offer_name\" name=\"offer_name\" placeholder=\"Name and family name *\">\n\t\t\t\t<\/p>\n\t\t\t\t<p>\n\t\t\t\t\t<label for=\"offer_email\">E-mail <span>*<\/span><\/label>\n\t\t\t\t\t<input type=\"email\" id=\"offer_email\" name=\"offer_email\" placeholder=\"E-mail *\">\n\t\t\t\t<\/p>\n\t\t\t\t<p>\n\t\t\t\t\t<label for=\"offer_phone\">Telephone <span>*<\/span><\/label>\n\t\t\t\t\t<input type=\"text\" id=\"offer_phone\" name=\"offer_phone\" placeholder=\"Telephone *\">\n\t\t\t\t<\/p>\n\t\t\t\t<p>\n\t\t\t\t\t<label for=\"offer_street\">Street and number <span>*<\/span><\/label>\n\t\t\t\t\t<input type=\"text\" id=\"offer_street\" name=\"offer_street\" placeholder=\"Street and number *\">\n\t\t\t\t<\/p>\n\t\t\t\t<p>\n\t\t\t\t\t<label for=\"offer_city\">City <span>*<\/span><\/label>\n\t\t\t\t\t<input type=\"text\" id=\"offer_city\" name=\"offer_city\" placeholder=\"City *\">\n\t\t\t\t<\/p>\n\t\t\t\t<p>\n\t\t\t\t\t<label for=\"offer_zip\">Zip code <span>*<\/span><\/label>\n\t\t\t\t\t<input type=\"text\" id=\"offer_zip\" name=\"offer_zip\" placeholder=\"Zip code *\">\n\t\t\t\t<\/p>\n\t\t\t\t<p>\n\t\t\t\t\t<label class=\"label-display\" for=\"offer_delivery\">\n\t\t\t\t\t\t<input type=\"checkbox\" id=\"offer_delivery\" name=\"offer_delivery\">\n\t\t\t\t\t\tDelivery address is different than billing address\t\t\t\t\t<\/label>\n\t\t\t\t<\/p>\n\t\t\t\t<div id=\"offer_delivery_box\" class=\"none\">\n\t\t\t\t\t<h2 class=\"form-label\">Delivery Address<\/h2>\n\t\t\t\t\t<p>\n\t\t\t\t\t\t<label for=\"offer_company\">Company Name <span>*<\/span><\/label>\n\t\t\t\t\t\t<input type=\"text\" id=\"offer_company\" name=\"offer_company\" placeholder=\"Company Name *\">\n\t\t\t\t\t<\/p>\n\t\t\t\t\t<p>\n\t\t\t\t\t\t<label for=\"offer_street_ship\">Street and number <span>*<\/span><\/label>\n\t\t\t\t\t\t<input type=\"text\" id=\"offer_street_ship\" name=\"offer_street_ship\" placeholder=\"Street and number *\">\n\t\t\t\t\t<\/p>\n\t\t\t\t\t<p>\n\t\t\t\t\t\t<label for=\"offer_city_ship\">City <span>*<\/span><\/label>\n\t\t\t\t\t\t<input type=\"text\" id=\"offer_city_ship\" name=\"offer_city_ship\" placeholder=\"City *\">\n\t\t\t\t\t<\/p>\n\t\t\t\t\t<p>\n\t\t\t\t\t\t<label for=\"offer_zip_ship\">City <span>*<\/span><\/label>\n\t\t\t\t\t\t<input type=\"text\" id=\"offer_zip_ship\" name=\"offer_zip_ship\" placeholder=\"Zip code *\">\n\t\t\t\t\t<\/p>\n\t\t\t\t<\/div>\n\t\t\t\t<h2 class=\"form-label\">Other info:<\/h2>\n\t\t\t\t<p>Order confirmation will be sent to your email address<\/p>\n\t\t\t\t<p>Please select a delivey address where we will be able to deliver during nomral working hours. We prefer company addresses as evening and weekend delivery is not available<\/p>\n\t\t\t\t<p>\n\t\t\t\t\t<label class=\"label-display\" for=\"offer_voucher\">\n\t\t\t\t\t\t<input type=\"checkbox\" id=\"offer_voucher\" name=\"offer_voucher\" value=\"1\">\n\t\t\t\t\t\tGift Certificate (box mix and delivery address are agreed with recipient)\t\t\t\t\t<\/label>\n\t\t\t\t<\/p>\n\t\t\t\t<p>\n\t\t\t\t\t<label for=\"offer_text\">Other info<\/label>\n\t\t\t\t\t<textarea id=\"offer_text\" name=\"offer_text\" placeholder=\"Other info\"><\/textarea>\n\t\t\t\t<\/p>\n\t\t\t\t<h2 class=\"form-label\">Price:<\/h2>\n\t\t\t\t<p><strong><span id=\"offer_price\">950<span> K\u010d \/ Months<\/strong><\/p>\n\t\t\t\t<p><strong>120 K\u010d \/ Months - Delivery anywhere in CZ<\/strong><\/p>\n\t\t\t    <p>Platba m\u011bs\u00ed\u010dn\u011b na bankovn\u00ed \u00fa\u010det. P\u0159i platb\u011b p\u0159edem sleva a\u017e 10%.<\/p>\n\t\t\t    <p>\n\t\t\t\t\t<label class=\"label-display\" for=\"offer_terms\">\n\t\t\t\t\t\t<input type=\"checkbox\" id=\"offer_terms\" name=\"offer_terms\">\n\t\t\t\t\t\tI agree with the terms and conditions - <a href=\"https:\/\/www.iwcok.cz\/en\/trading-delivery-conditions\/\">Terms and conditions<\/a>\n\t\t\t\t\t<\/label>\n\t\t\t\t<\/p>\n\t\t\t    <p class=\"none\">\n\t\t\t        <input type=\"text\" id=\"offer_human\" name=\"offer_human\" \/>\n\t\t\t        <input type=\"hidden\" name=\"offer_nonce_name\" value=\"fa1c79ea62\" \/>        \n\t\t\t    <\/p>\t\t\t    \n\t\t\t    <p><input type=\"submit\" id=\"offer_submit\" value=\"Order\" \/><\/p>\n\t\t\t<\/form>\n\t\t<\/div>\n\t<\/div>\n    \n","protected":false},"excerpt":{"rendered":"","protected":false},"author":1,"featured_media":0,"parent":379,"menu_order":8,"comment_status":"closed","ping_status":"open","template":"","meta":{"_acf_changed":false,"footnotes":""},"class_list":["post-970","page","type-page","status-publish","hentry"],"acf":[],"_links":{"self":[{"href":"https:\/\/www.iwcok.cz\/en\/wp-json\/wp\/v2\/pages\/970","targetHints":{"allow":["GET"]}}],"collection":[{"href":"https:\/\/www.iwcok.cz\/en\/wp-json\/wp\/v2\/pages"}],"about":[{"href":"https:\/\/www.iwcok.cz\/en\/wp-json\/wp\/v2\/types\/page"}],"author":[{"embeddable":true,"href":"https:\/\/www.iwcok.cz\/en\/wp-json\/wp\/v2\/users\/1"}],"replies":[{"embeddable":true,"href":"https:\/\/www.iwcok.cz\/en\/wp-json\/wp\/v2\/comments?post=970"}],"version-history":[{"count":3,"href":"https:\/\/www.iwcok.cz\/en\/wp-json\/wp\/v2\/pages\/970\/revisions"}],"predecessor-version":[{"id":2173,"href":"https:\/\/www.iwcok.cz\/en\/wp-json\/wp\/v2\/pages\/970\/revisions\/2173"}],"up":[{"embeddable":true,"href":"https:\/\/www.iwcok.cz\/en\/wp-json\/wp\/v2\/pages\/379"}],"wp:attachment":[{"href":"https:\/\/www.iwcok.cz\/en\/wp-json\/wp\/v2\/media?parent=970"}],"curies":[{"name":"wp","href":"https:\/\/api.w.org\/{rel}","templated":true}]}}