{"id":389,"date":"2014-11-28T14:49:47","date_gmt":"2014-11-28T13:49:47","guid":{"rendered":"https:\/\/www.iwcok.cz\/?page_id=389"},"modified":"2015-03-04T23:05:31","modified_gmt":"2015-03-04T22:05:31","slug":"contact","status":"publish","type":"page","link":"https:\/\/www.iwcok.cz\/en\/contact\/","title":{"rendered":"Contact"},"content":{"rendered":"<h2>IWCoK &#8211; INTERNATIONAL WINE CLUB OF KOSO\u0154<\/h2>\n<p>\u0160t\u011brkov\u00e1 276<\/p>\n<p>252 26 Koso\u0159<\/p>\n<p>Czech Republic<\/p>\n<p>Tel.: +420 737 501 159<\/p>\n<p>We look forward to your ideas, suggestions or recommnedations!<\/p>\n<p>Do not hesitate to contact us at\u00a0<a href=\"mailto:michaela@iwcok.cz\">michaela@iwcok.cz<\/a><\/p>\n<p>Follow us on <a href=\"https:\/\/www.facebook.com\/IWCoK.cz\">Facebook<\/a><\/p>\n\t<div id=\"fb_like_box\" class=\"fb-like-box\" data-href=\"https:\/\/www.facebook.com\/IWCoK.cz\" data-width=\"940\" data-colorscheme=\"light\" data-show-faces=\"true\" data-header=\"true\" data-stream=\"false\" data-show-border=\"true\"><\/div>\n\t\n","protected":false},"excerpt":{"rendered":"<p>IWCoK &#8211; INTERNATIONAL WINE CLUB OF KOSO\u0154 \u0160t\u011brkov\u00e1 276 252 26 Koso\u0159 Czech Republic Tel.: +420 737 501 159 We look forward to your ideas, suggestions or recommnedations! Do not hesitate to contact us at\u00a0michaela@iwcok.cz Follow us on Facebook<\/p>\n","protected":false},"author":1,"featured_media":0,"parent":0,"menu_order":24,"comment_status":"closed","ping_status":"open","template":"","meta":{"_acf_changed":false,"footnotes":""},"class_list":["post-389","page","type-page","status-publish","hentry"],"acf":[],"_links":{"self":[{"href":"https:\/\/www.iwcok.cz\/en\/wp-json\/wp\/v2\/pages\/389","targetHints":{"allow":["GET"]}}],"collection":[{"href":"https:\/\/www.iwcok.cz\/en\/wp-json\/wp\/v2\/pages"}],"about":[{"href":"https:\/\/www.iwcok.cz\/en\/wp-json\/wp\/v2\/types\/page"}],"author":[{"embeddable":true,"href":"https:\/\/www.iwcok.cz\/en\/wp-json\/wp\/v2\/users\/1"}],"replies":[{"embeddable":true,"href":"https:\/\/www.iwcok.cz\/en\/wp-json\/wp\/v2\/comments?post=389"}],"version-history":[{"count":6,"href":"https:\/\/www.iwcok.cz\/en\/wp-json\/wp\/v2\/pages\/389\/revisions"}],"predecessor-version":[{"id":1825,"href":"https:\/\/www.iwcok.cz\/en\/wp-json\/wp\/v2\/pages\/389\/revisions\/1825"}],"wp:attachment":[{"href":"https:\/\/www.iwcok.cz\/en\/wp-json\/wp\/v2\/media?parent=389"}],"curies":[{"name":"wp","href":"https:\/\/api.w.org\/{rel}","templated":true}]}}